{"id":1874,"date":"2022-11-16T19:25:33","date_gmt":"2022-11-16T19:25:33","guid":{"rendered":"https:\/\/optimamed.com.hr\/lijecnicki-pregledi-sportasa\/"},"modified":"2023-01-17T19:03:49","modified_gmt":"2023-01-17T19:03:49","slug":"medical-examinations-of-athletes","status":"publish","type":"page","link":"https:\/\/optimamed.com.hr\/en\/medical-examinations-of-athletes\/","title":{"rendered":"Medical examinations of athletes"},"content":{"rendered":"<div class=\"wpb-content-wrapper\"><p>[vc_row full_width=&#8221;stretch_row&#8221; content_placement=&#8221;middle&#8221; css=&#8221;.vc_custom_1668629578339{padding-top: 60px !important;padding-bottom: 60px !important;background-color: #f5f5f5 !important;}&#8221;][vc_column width=&#8221;1\/2&#8243;]<div id=\"cz_104288\" class=\"cz_104288 cz_title clr cz_title_pos_inline\"><div class=\"cz_title_content\"><div class=\"cz_wpe_content\"><h1>Medical examinations of athletes<\/h1>\n<\/div><\/div><\/div>[\/vc_column][vc_column width=&#8221;1\/2&#8243;]<div id=\"cz_109305\" class=\"cz_109305 cz_image clr cz_image_no_fx center_on_mobile\"><div class=\"\" ><div class=\"cz_image_in\"><div class=\"cz_main_image\"><img decoding=\"async\" width=\"500\" height=\"382\" src=\"data:image\/svg+xml,%3Csvg%20xmlns%3D&#39;http%3A%2F%2Fwww.w3.org%2F2000%2Fsvg&#39;%20width=&#39;500&#39;%20height=&#39;382&#39;%20viewBox%3D&#39;0%200%20500%20382&#39;%2F%3E\" data-czlz data-src=\"https:\/\/optimamed.com.hr\/wp-content\/uploads\/2022\/11\/lijecnicki-pregledi-sportasa-2.png\" class=\"attachment-full\" alt=\"Lije\u010dni\u010dki pregledi sporta\u0161a\" title=\"Lije\u010dni\u010dki pregledi sporta\u0161a\" data-srcset=\"https:\/\/optimamed.com.hr\/wp-content\/uploads\/2022\/11\/lijecnicki-pregledi-sportasa-2.png 500w, https:\/\/optimamed.com.hr\/wp-content\/uploads\/2022\/11\/lijecnicki-pregledi-sportasa-2-300x229.png 300w\" data-sizes=\"(max-width: 500px) 100vw, 500px\" \/><\/div><\/div><\/div><\/div>[\/vc_column][\/vc_row][vc_row css=&#8221;.vc_custom_1668630202246{padding-top: 60px !important;padding-bottom: 60px !important;}&#8221;][vc_column]<div id=\"cz_79341\" class=\"cz_79341 cz_title clr cz_title_pos_inline\"><div class=\"cz_title_content\"><div class=\"cz_wpe_content\"><h2 class=\"pregled_h2\">Basic medical examination for athletes<\/h2>\n<\/div><\/div><\/div><div id=\"cz_36797\" class=\"cz_36797 cz_title clr cz_title_pos_inline\"><div class=\"cz_title_content\"><div class=\"cz_wpe_content\"><p class=\"na_pregled_donijeti\">The following must be brought to the examination:<\/p>\n<\/div><\/div><\/div><ul id=\"cz_72128\" class=\"cz_72128 cz_stylish_list clr cz_sl_icon_hover_zoom_in lista\"><li class=\"clr\"><div class=\"cz_sl_icon\"><i class=\"fas fa-angle-right mr10\" ><\/i><\/div><div><span>ID card<\/span><\/div><\/li><li class=\"clr\"><div class=\"cz_sl_icon\"><i class=\"fas fa-angle-right mr10\" ><\/i><\/div><div><span>club card for authentication (if the athlete has one)<\/span><\/div><\/li><li class=\"clr\"><div class=\"cz_sl_icon\"><i class=\"fas fa-angle-right mr10\" ><\/i><\/div><div><span>medical documentation\/medical report if you suffer from some diseases\/conditions<\/span><\/div><\/li><li class=\"clr\"><div class=\"cz_sl_icon\"><i class=\"fas fa-angle-right mr10\" ><\/i><\/div><div><span>a certificate from the chosen doctor not older than one month or an extract from the medical record<\/span><\/div><\/li><\/ul><div class=\"cz_gap clr \" style=\"height: 50px\"><\/div><div id=\"cz_96688\" class=\"cz_96688 cz_title clr cz_title_has_bg cz_title_pos_inline\"><div class=\"cz_title_content\"><div class=\"cz_wpe_content\"><p>The basic medical examination for an athlete includes a clinical examination by an occupational medicine specialist, measurement of height and weight, ECG and spirometry, and as well filling out questionnaires for athlete examinations.<\/p>\n<\/div><\/div><\/div>[\/vc_column][\/vc_row][vc_row full_width=&#8221;stretch_row&#8221; css=&#8221;.vc_custom_1673945217244{padding-top: 60px !important;padding-bottom: 60px !important;background-color: #f5f5f5 !important;}&#8221;][vc_column]<div id=\"cz_73124\" class=\"cz_73124 cz_title clr cz_title_pos_inline\"><div class=\"cz_title_content\"><div class=\"cz_wpe_content\"><h2 class=\"pregled_h2\">FAQ<\/h2>\n<\/div><\/div><\/div><div class=\"cz_gap clr \" style=\"height: 30px\"><\/div><div id=\"cz_31204\" data-arrows='{\"open\":\"fa fa-angle-down\",\"close\":\"fa fa-angle-up\"}' class=\"cz_31204 cz_acc clr\"><div><div id=\"cz_104922\"><span class=\"cz_acc_child\"><div>What should I bring to the medical examination for athletes?<\/div><\/span><div class=\"cz_acc_child_content clr\">[vc_column_text]It is necessary to bring to the examination a certificate from a family medicine doctor about your state of health (or send it to an e-mail before your arrival for the examination), if you have a club card, an identity card, and medical documentation\/findings (of competent medical specialists) if you are ill from some diseases\/conditions.[\/vc_column_text]<\/div><\/div><div id=\"cz_82924\"><span class=\"cz_acc_child\"><div>How often is an examination performed for athletes?<\/div><\/span><div class=\"cz_acc_child_content clr\">[vc_column_text]Medical examination for athletes is performed every 6 months.[\/vc_column_text]<\/div><\/div><div id=\"cz_37106\"><span class=\"cz_acc_child\"><div>Is the medical examination the same for all athletes?<\/div><\/span><div class=\"cz_acc_child_content clr\">[vc_column_text]No, the medical examination for athletes depends on the sport the athlete plays. For contact sports (boxing\/kick boxing) and motocross, the medical examination is more comprehensive than the basic examination.[\/vc_column_text]<\/div><\/div><div id=\"cz_86203\"><span class=\"cz_acc_child\"><div>Why do I have to fill out a questionnaire at the examination?<\/div><\/span><div class=\"cz_acc_child_content clr\">[vc_column_text]The athlete (or parent) fills out a questionnaire so that the doctor can get information about your health problems during training or during the competition, as well as information about chronical diseases in your family.[\/vc_column_text]<\/div><\/div><\/div><\/div>[\/vc_column][\/vc_row]<\/p>\n<\/div>","protected":false},"excerpt":{"rendered":"<p>[vc_row full_width=&#8221;stretch_row&#8221; content_placement=&#8221;middle&#8221; css=&#8221;.vc_custom_1668629578339{padding-top: 60px !important;padding-bottom: 60px !important;background-color: #f5f5f5 !important;}&#8221;][vc_column width=&#8221;1\/2&#8243;][\/vc_column][vc_column &#8230; <\/p>\n","protected":false},"author":1,"featured_media":0,"parent":0,"menu_order":0,"comment_status":"closed","ping_status":"closed","template":"","meta":{"footnotes":""},"class_list":["post-1874","page","type-page","status-publish","hentry"],"yoast_head":"<!-- This site is optimized with the Yoast SEO plugin v25.3.1 - https:\/\/yoast.com\/wordpress\/plugins\/seo\/ -->\n<title>Medical examinations of athletes - OptimaMed<\/title>\n<meta name=\"robots\" content=\"index, follow, max-snippet:-1, max-image-preview:large, max-video-preview:-1\" \/>\n<link rel=\"canonical\" href=\"https:\/\/optimamed.com.hr\/en\/medical-examinations-of-athletes\/\" \/>\n<meta property=\"og:locale\" content=\"en_US\" \/>\n<meta property=\"og:type\" content=\"article\" \/>\n<meta property=\"og:title\" content=\"Medical examinations of athletes - OptimaMed\" \/>\n<meta property=\"og:description\" content=\"[vc_row full_width=&#8221;stretch_row&#8221; content_placement=&#8221;middle&#8221; css=&#8221;.vc_custom_1668629578339{padding-top: 60px !important;padding-bottom: 60px !important;background-color: #f5f5f5 !important;}&#8221;][vc_column width=&#8221;1\/2&#8243;][\/vc_column][vc_column ...\" \/>\n<meta property=\"og:url\" content=\"https:\/\/optimamed.com.hr\/en\/medical-examinations-of-athletes\/\" \/>\n<meta property=\"og:site_name\" content=\"OptimaMed\" \/>\n<meta property=\"article:modified_time\" content=\"2023-01-17T19:03:49+00:00\" \/>\n<meta name=\"twitter:card\" content=\"summary_large_image\" \/>\n<meta name=\"twitter:label1\" content=\"Est. reading time\" \/>\n\t<meta name=\"twitter:data1\" content=\"2 minutes\" \/>\n<script type=\"application\/ld+json\" class=\"yoast-schema-graph\">{\"@context\":\"https:\/\/schema.org\",\"@graph\":[{\"@type\":\"WebPage\",\"@id\":\"https:\/\/optimamed.com.hr\/en\/medical-examinations-of-athletes\/\",\"url\":\"https:\/\/optimamed.com.hr\/en\/medical-examinations-of-athletes\/\",\"name\":\"Medical examinations of athletes - OptimaMed\",\"isPartOf\":{\"@id\":\"https:\/\/optimamed.com.hr\/#website\"},\"datePublished\":\"2022-11-16T19:25:33+00:00\",\"dateModified\":\"2023-01-17T19:03:49+00:00\",\"breadcrumb\":{\"@id\":\"https:\/\/optimamed.com.hr\/en\/medical-examinations-of-athletes\/#breadcrumb\"},\"inLanguage\":\"en-US\",\"potentialAction\":[{\"@type\":\"ReadAction\",\"target\":[\"https:\/\/optimamed.com.hr\/en\/medical-examinations-of-athletes\/\"]}]},{\"@type\":\"BreadcrumbList\",\"@id\":\"https:\/\/optimamed.com.hr\/en\/medical-examinations-of-athletes\/#breadcrumb\",\"itemListElement\":[{\"@type\":\"ListItem\",\"position\":1,\"name\":\"Po\u010detna stranica\",\"item\":\"https:\/\/optimamed.com.hr\/en\/\"},{\"@type\":\"ListItem\",\"position\":2,\"name\":\"Medical examinations of athletes\"}]},{\"@type\":\"WebSite\",\"@id\":\"https:\/\/optimamed.com.hr\/#website\",\"url\":\"https:\/\/optimamed.com.hr\/\",\"name\":\"OptimaMed\",\"description\":\"Medicina rada i sporta\",\"publisher\":{\"@id\":\"https:\/\/optimamed.com.hr\/#organization\"},\"potentialAction\":[{\"@type\":\"SearchAction\",\"target\":{\"@type\":\"EntryPoint\",\"urlTemplate\":\"https:\/\/optimamed.com.hr\/?s={search_term_string}\"},\"query-input\":{\"@type\":\"PropertyValueSpecification\",\"valueRequired\":true,\"valueName\":\"search_term_string\"}}],\"inLanguage\":\"en-US\"},{\"@type\":\"Organization\",\"@id\":\"https:\/\/optimamed.com.hr\/#organization\",\"name\":\"OptimaMed\",\"url\":\"https:\/\/optimamed.com.hr\/\",\"logo\":{\"@type\":\"ImageObject\",\"inLanguage\":\"en-US\",\"@id\":\"https:\/\/optimamed.com.hr\/#\/schema\/logo\/image\/\",\"url\":\"https:\/\/optimamed.com.hr\/wp-content\/uploads\/2022\/11\/optimamed-logo.png\",\"contentUrl\":\"https:\/\/optimamed.com.hr\/wp-content\/uploads\/2022\/11\/optimamed-logo.png\",\"width\":300,\"height\":67,\"caption\":\"OptimaMed\"},\"image\":{\"@id\":\"https:\/\/optimamed.com.hr\/#\/schema\/logo\/image\/\"}}]}<\/script>\n<!-- \/ Yoast SEO plugin. -->","yoast_head_json":{"title":"Medical examinations of athletes - OptimaMed","robots":{"index":"index","follow":"follow","max-snippet":"max-snippet:-1","max-image-preview":"max-image-preview:large","max-video-preview":"max-video-preview:-1"},"canonical":"https:\/\/optimamed.com.hr\/en\/medical-examinations-of-athletes\/","og_locale":"en_US","og_type":"article","og_title":"Medical examinations of athletes - OptimaMed","og_description":"[vc_row full_width=&#8221;stretch_row&#8221; content_placement=&#8221;middle&#8221; css=&#8221;.vc_custom_1668629578339{padding-top: 60px !important;padding-bottom: 60px !important;background-color: #f5f5f5 !important;}&#8221;][vc_column width=&#8221;1\/2&#8243;][\/vc_column][vc_column ...","og_url":"https:\/\/optimamed.com.hr\/en\/medical-examinations-of-athletes\/","og_site_name":"OptimaMed","article_modified_time":"2023-01-17T19:03:49+00:00","twitter_card":"summary_large_image","twitter_misc":{"Est. reading time":"2 minutes"},"schema":{"@context":"https:\/\/schema.org","@graph":[{"@type":"WebPage","@id":"https:\/\/optimamed.com.hr\/en\/medical-examinations-of-athletes\/","url":"https:\/\/optimamed.com.hr\/en\/medical-examinations-of-athletes\/","name":"Medical examinations of athletes - OptimaMed","isPartOf":{"@id":"https:\/\/optimamed.com.hr\/#website"},"datePublished":"2022-11-16T19:25:33+00:00","dateModified":"2023-01-17T19:03:49+00:00","breadcrumb":{"@id":"https:\/\/optimamed.com.hr\/en\/medical-examinations-of-athletes\/#breadcrumb"},"inLanguage":"en-US","potentialAction":[{"@type":"ReadAction","target":["https:\/\/optimamed.com.hr\/en\/medical-examinations-of-athletes\/"]}]},{"@type":"BreadcrumbList","@id":"https:\/\/optimamed.com.hr\/en\/medical-examinations-of-athletes\/#breadcrumb","itemListElement":[{"@type":"ListItem","position":1,"name":"Po\u010detna stranica","item":"https:\/\/optimamed.com.hr\/en\/"},{"@type":"ListItem","position":2,"name":"Medical examinations of athletes"}]},{"@type":"WebSite","@id":"https:\/\/optimamed.com.hr\/#website","url":"https:\/\/optimamed.com.hr\/","name":"OptimaMed","description":"Medicina rada i sporta","publisher":{"@id":"https:\/\/optimamed.com.hr\/#organization"},"potentialAction":[{"@type":"SearchAction","target":{"@type":"EntryPoint","urlTemplate":"https:\/\/optimamed.com.hr\/?s={search_term_string}"},"query-input":{"@type":"PropertyValueSpecification","valueRequired":true,"valueName":"search_term_string"}}],"inLanguage":"en-US"},{"@type":"Organization","@id":"https:\/\/optimamed.com.hr\/#organization","name":"OptimaMed","url":"https:\/\/optimamed.com.hr\/","logo":{"@type":"ImageObject","inLanguage":"en-US","@id":"https:\/\/optimamed.com.hr\/#\/schema\/logo\/image\/","url":"https:\/\/optimamed.com.hr\/wp-content\/uploads\/2022\/11\/optimamed-logo.png","contentUrl":"https:\/\/optimamed.com.hr\/wp-content\/uploads\/2022\/11\/optimamed-logo.png","width":300,"height":67,"caption":"OptimaMed"},"image":{"@id":"https:\/\/optimamed.com.hr\/#\/schema\/logo\/image\/"}}]}},"_links":{"self":[{"href":"https:\/\/optimamed.com.hr\/en\/wp-json\/wp\/v2\/pages\/1874","targetHints":{"allow":["GET"]}}],"collection":[{"href":"https:\/\/optimamed.com.hr\/en\/wp-json\/wp\/v2\/pages"}],"about":[{"href":"https:\/\/optimamed.com.hr\/en\/wp-json\/wp\/v2\/types\/page"}],"author":[{"embeddable":true,"href":"https:\/\/optimamed.com.hr\/en\/wp-json\/wp\/v2\/users\/1"}],"replies":[{"embeddable":true,"href":"https:\/\/optimamed.com.hr\/en\/wp-json\/wp\/v2\/comments?post=1874"}],"version-history":[{"count":2,"href":"https:\/\/optimamed.com.hr\/en\/wp-json\/wp\/v2\/pages\/1874\/revisions"}],"predecessor-version":[{"id":1876,"href":"https:\/\/optimamed.com.hr\/en\/wp-json\/wp\/v2\/pages\/1874\/revisions\/1876"}],"wp:attachment":[{"href":"https:\/\/optimamed.com.hr\/en\/wp-json\/wp\/v2\/media?parent=1874"}],"curies":[{"name":"wp","href":"https:\/\/api.w.org\/{rel}","templated":true}]}}