{"id":2160,"date":"2025-06-26T12:15:54","date_gmt":"2025-06-26T12:15:54","guid":{"rendered":"https:\/\/optimamed.com.hr\/1-aviomed-forum-zagreb-hrvatska\/"},"modified":"2025-06-26T16:35:52","modified_gmt":"2025-06-26T16:35:52","slug":"1st-aviomed-forum-forum-zagreb-hrvatska","status":"publish","type":"page","link":"https:\/\/optimamed.com.hr\/en\/1st-aviomed-forum-forum-zagreb-hrvatska\/","title":{"rendered":"1st AvioMed Forum &#8211; Zagreb &#8211; Croatia"},"content":{"rendered":"<div class=\"wpb-content-wrapper\"><p>[vc_row full_width=&#8221;stretch_row&#8221; content_placement=&#8221;middle&#8221; css=&#8221;.vc_custom_1700470922364{margin-top: 0px !important;margin-bottom: 0px !important;border-top-width: 0px !important;border-bottom-width: 0px !important;padding-top: 0px !important;padding-bottom: 0px !important;background-color: #f5f5f5 !important;}&#8221;][vc_column width=&#8221;1\/2&#8243; css=&#8221;.vc_custom_1700470937620{padding-top: 60px !important;padding-bottom: 60px !important;}&#8221;]<div id=\"cz_69940\" class=\"cz_69940 cz_title clr cz_title_pos_inline tac\"><div class=\"cz_title_content\"><div class=\"cz_wpe_content\"><h1 style=\"text-align: center;\">1<sup>st<\/sup> AvioMed Forum &#8211; Zagreb<\/h1>\n<\/div><\/div><\/div>[\/vc_column][vc_column width=&#8221;1\/2&#8243; css=&#8221;.vc_custom_1700485096825{margin-right: 0px !important;margin-left: 0px !important;border-right-width: 0px !important;border-left-width: 0px !important;padding-right: 0px !important;padding-left: 0px !important;}&#8221;]<div id=\"cz_67830\" class=\"cz_67830 cz_image clr cz_image_no_fx center_on_mobile\"><div class=\"\" ><div class=\"cz_image_in\"><div class=\"cz_main_image\"><img decoding=\"async\" width=\"800\" height=\"533\" src=\"data:image\/svg+xml,%3Csvg%20xmlns%3D&#39;http%3A%2F%2Fwww.w3.org%2F2000%2Fsvg&#39;%20width=&#39;800&#39;%20height=&#39;533&#39;%20viewBox%3D&#39;0%200%20800%20533&#39;%2F%3E\" data-czlz data-src=\"https:\/\/optimamed.com.hr\/wp-content\/uploads\/2025\/06\/1-aviomed-forum.jpg\" class=\"attachment-full\" alt=\"1. AvioMed Forum\" title=\"1. AvioMed Forum\" data-srcset=\"https:\/\/optimamed.com.hr\/wp-content\/uploads\/2025\/06\/1-aviomed-forum.jpg 800w, https:\/\/optimamed.com.hr\/wp-content\/uploads\/2025\/06\/1-aviomed-forum-300x200.jpg 300w, https:\/\/optimamed.com.hr\/wp-content\/uploads\/2025\/06\/1-aviomed-forum-768x512.jpg 768w, https:\/\/optimamed.com.hr\/wp-content\/uploads\/2025\/06\/1-aviomed-forum-600x400.jpg 600w\" data-sizes=\"(max-width: 800px) 100vw, 800px\" \/><\/div><\/div><\/div><\/div>[\/vc_column][\/vc_row][vc_row css=&#8221;.vc_custom_1700472282253{padding-bottom: 60px !important;}&#8221;][vc_column css=&#8221;.vc_custom_1700474064359{padding-top: 60px !important;}&#8221; offset=&#8221;vc_col-md-3\/5&#8243;]<div id=\"cz_25195\" class=\"cz_25195 cz_title clr cz_title_pos_inline\"><div class=\"cz_title_content\"><div class=\"cz_wpe_content\"><h2 class=\"pregled_h2\">1<sup>st<\/sup> AvioMed Forum with international participation in English<\/h2>\n<\/div><\/div><\/div><div class=\"cz_gap clr \" style=\"height: 15px\"><\/div><div id=\"cz_37082\" class=\"cz_37082 cz_title clr cz_title_pos_inline\"><div class=\"cz_title_content\"><div class=\"cz_wpe_content\"><p class=\"uvodni-tekst\">Dear colleagues, AMEs and aviation personnel,<\/p>\n<\/div><\/div><\/div><div class=\"cz_gap clr \" style=\"height: 15px\"><\/div><div id=\"cz_60042\" class=\"cz_60042 cz_title clr cz_title_pos_inline\"><div class=\"cz_title_content\"><div class=\"cz_wpe_content\"><p class=\"uvodni-tekst\">We are happy to announce that the Aeromedical Center Institution OptimaMed (HR.AeMC.04) is organizing the 1st AvioMed Forum with international participation in English with the topic of the forum: Building bridges-together for health in aviation, which is going to take place on 24-25 October 2025 in Zagreb, hotel Antunovi\u0107 where we have limited number of rooms at our disposal. There are also two cosy hotels nearby- Admiral hotel, Rude\u0105ka cesta 140 and Grand hotel Zagreb, Jankomir 27.<\/p>\n<\/div><\/div><\/div><div class=\"cz_gap clr \" style=\"height: 15px\"><\/div><div id=\"cz_22897\" class=\"cz_22897 cz_title clr cz_title_has_bg cz_title_pos_inline\"><div class=\"cz_title_content\"><div class=\"cz_wpe_content\"><p>The aim of this 1st AvioMed Forum is to provide Croatian and foreign AMEs presentations from the field of aviation medicine and, for the first time in the Republic of Croatia, to enable active participation in panel discussions for aviation personnel from the Republic of Croatia and abroad.<\/p>\n<\/div><\/div><\/div><div class=\"cz_gap clr \" style=\"height: 15px\"><\/div><div id=\"cz_50520\" class=\"cz_50520 cz_title clr cz_title_pos_inline\"><div class=\"cz_title_content\"><div class=\"cz_wpe_content\"><p class=\"uvodni-tekst\">We already have the announcements from AMEs from the countries of our region,\u00a0 EU, UK, Turkey, Qatar and\u00a0 UAE for active participation in our first international education, and even some colleagues from Africa, and we have designed a program of lectures and panel discussions in English, which I am attaching to this email and I hope in good faith that we will meet in autumn in Zagreb in order to learn together and from each other! Early bird registration available until 15.6.2025.<\/p>\n<\/div><\/div><\/div><div class=\"cz_gap clr \" style=\"height: 15px\"><\/div><div class=\"cz_gap clr \" style=\"height: 15px\"><\/div>[\/vc_column][vc_column offset=&#8221;vc_col-md-2\/5&#8243;]<div class=\"cz_eqh cz_content_box_parent_fx  \"><div id=\"cz_16950\" class=\"cz_16950 cz_content_box clr\"><div class=\"cz_box_front clr\"><div class=\"cz_box_front_inner clr cz_content_box_full_after\"><span><\/span><div><div class=\"cz_gap clr \" style=\"height: 50px\"><\/div><ul id=\"cz_82876\" class=\"cz_82876 cz_stylish_list clr cz_sl_icon_hover_zoom_in lista\"><li class=\"clr\"><a href=\"https:\/\/optimamed.com.hr\/wp-content\/uploads\/2025\/06\/1st-aviomed-forum-v4.pdf\" target=\"_blank\"><div class=\"cz_sl_icon\"><i class=\"fas fa-angle-right mr10\" ><\/i><\/div><div><span>Download the information leaflet & Agenda<\/span><\/div><\/a><\/li><li class=\"clr\"><a href=\"https:\/\/optimamed.com.hr\/wp-content\/uploads\/2025\/06\/reservation-of-room-in-hotel-antunovic--eng--optimamed.pdf\" target=\"_blank\"><div class=\"cz_sl_icon\"><i class=\"fas fa-angle-right mr10\" ><\/i><\/div><div><span>Download the Individual reservation request<\/span><\/div><\/a><\/li><\/ul><div class=\"cz_gap clr \" style=\"height: 50px\"><\/div><\/div><\/div><\/div><\/div><\/div>[\/vc_column][\/vc_row]<\/p>\n<\/div>","protected":false},"excerpt":{"rendered":"<p>[vc_row full_width=&#8221;stretch_row&#8221; content_placement=&#8221;middle&#8221; css=&#8221;.vc_custom_1700470922364{margin-top: 0px !important;margin-bottom: 0px !important;border-top-width: 0px !important;border-bottom-width: 0px &#8230; <\/p>\n","protected":false},"author":1,"featured_media":0,"parent":0,"menu_order":0,"comment_status":"closed","ping_status":"closed","template":"","meta":{"footnotes":""},"class_list":["post-2160","page","type-page","status-publish","hentry"],"yoast_head":"<!-- This site is optimized with the Yoast SEO plugin v25.3.1 - https:\/\/yoast.com\/wordpress\/plugins\/seo\/ -->\n<title>1st AvioMed Forum - Zagreb - Croatia - OptimaMed<\/title>\n<meta name=\"description\" content=\"Na\u0161e ljubazno osoblje pru\u017eit \u0107e Vam sve potrebne informacije kako biste obavili potreban lije\u010dni\u010dki pregled bez stresa, prilago\u0111en Vama.\" \/>\n<meta name=\"robots\" content=\"index, follow, max-snippet:-1, max-image-preview:large, max-video-preview:-1\" \/>\n<link rel=\"canonical\" href=\"https:\/\/optimamed.com.hr\/en\/1st-aviomed-forum-forum-zagreb-hrvatska\/\" \/>\n<meta property=\"og:locale\" content=\"en_US\" \/>\n<meta property=\"og:type\" content=\"article\" \/>\n<meta property=\"og:title\" content=\"1st AvioMed Forum - Zagreb - Croatia - OptimaMed\" \/>\n<meta property=\"og:description\" content=\"Na\u0161e ljubazno osoblje pru\u017eit \u0107e Vam sve potrebne informacije kako biste obavili potreban lije\u010dni\u010dki pregled bez stresa, prilago\u0111en Vama.\" \/>\n<meta property=\"og:url\" content=\"https:\/\/optimamed.com.hr\/en\/1st-aviomed-forum-forum-zagreb-hrvatska\/\" \/>\n<meta property=\"og:site_name\" content=\"OptimaMed\" \/>\n<meta property=\"article:modified_time\" content=\"2025-06-26T16:35:52+00:00\" \/>\n<meta name=\"twitter:card\" content=\"summary_large_image\" \/>\n<meta name=\"twitter:label1\" content=\"Est. reading time\" \/>\n\t<meta name=\"twitter:data1\" content=\"2 minutes\" \/>\n<script type=\"application\/ld+json\" class=\"yoast-schema-graph\">{\"@context\":\"https:\/\/schema.org\",\"@graph\":[{\"@type\":\"WebPage\",\"@id\":\"https:\/\/optimamed.com.hr\/en\/1st-aviomed-forum-forum-zagreb-hrvatska\/\",\"url\":\"https:\/\/optimamed.com.hr\/en\/1st-aviomed-forum-forum-zagreb-hrvatska\/\",\"name\":\"1st AvioMed Forum - Zagreb - Croatia - OptimaMed\",\"isPartOf\":{\"@id\":\"https:\/\/optimamed.com.hr\/#website\"},\"datePublished\":\"2025-06-26T12:15:54+00:00\",\"dateModified\":\"2025-06-26T16:35:52+00:00\",\"description\":\"Na\u0161e ljubazno osoblje pru\u017eit \u0107e Vam sve potrebne informacije kako biste obavili potreban lije\u010dni\u010dki pregled bez stresa, prilago\u0111en Vama.\",\"breadcrumb\":{\"@id\":\"https:\/\/optimamed.com.hr\/en\/1st-aviomed-forum-forum-zagreb-hrvatska\/#breadcrumb\"},\"inLanguage\":\"en-US\",\"potentialAction\":[{\"@type\":\"ReadAction\",\"target\":[\"https:\/\/optimamed.com.hr\/en\/1st-aviomed-forum-forum-zagreb-hrvatska\/\"]}]},{\"@type\":\"BreadcrumbList\",\"@id\":\"https:\/\/optimamed.com.hr\/en\/1st-aviomed-forum-forum-zagreb-hrvatska\/#breadcrumb\",\"itemListElement\":[{\"@type\":\"ListItem\",\"position\":1,\"name\":\"Po\u010detna stranica\",\"item\":\"https:\/\/optimamed.com.hr\/en\/\"},{\"@type\":\"ListItem\",\"position\":2,\"name\":\"1st AvioMed Forum &#8211; Zagreb &#8211; Croatia\"}]},{\"@type\":\"WebSite\",\"@id\":\"https:\/\/optimamed.com.hr\/#website\",\"url\":\"https:\/\/optimamed.com.hr\/\",\"name\":\"OptimaMed\",\"description\":\"Medicina rada i sporta\",\"publisher\":{\"@id\":\"https:\/\/optimamed.com.hr\/#organization\"},\"potentialAction\":[{\"@type\":\"SearchAction\",\"target\":{\"@type\":\"EntryPoint\",\"urlTemplate\":\"https:\/\/optimamed.com.hr\/?s={search_term_string}\"},\"query-input\":{\"@type\":\"PropertyValueSpecification\",\"valueRequired\":true,\"valueName\":\"search_term_string\"}}],\"inLanguage\":\"en-US\"},{\"@type\":\"Organization\",\"@id\":\"https:\/\/optimamed.com.hr\/#organization\",\"name\":\"OptimaMed\",\"url\":\"https:\/\/optimamed.com.hr\/\",\"logo\":{\"@type\":\"ImageObject\",\"inLanguage\":\"en-US\",\"@id\":\"https:\/\/optimamed.com.hr\/#\/schema\/logo\/image\/\",\"url\":\"https:\/\/optimamed.com.hr\/wp-content\/uploads\/2022\/11\/optimamed-logo.png\",\"contentUrl\":\"https:\/\/optimamed.com.hr\/wp-content\/uploads\/2022\/11\/optimamed-logo.png\",\"width\":300,\"height\":67,\"caption\":\"OptimaMed\"},\"image\":{\"@id\":\"https:\/\/optimamed.com.hr\/#\/schema\/logo\/image\/\"}}]}<\/script>\n<!-- \/ Yoast SEO plugin. -->","yoast_head_json":{"title":"1st AvioMed Forum - Zagreb - Croatia - OptimaMed","description":"Na\u0161e ljubazno osoblje pru\u017eit \u0107e Vam sve potrebne informacije kako biste obavili potreban lije\u010dni\u010dki pregled bez stresa, prilago\u0111en Vama.","robots":{"index":"index","follow":"follow","max-snippet":"max-snippet:-1","max-image-preview":"max-image-preview:large","max-video-preview":"max-video-preview:-1"},"canonical":"https:\/\/optimamed.com.hr\/en\/1st-aviomed-forum-forum-zagreb-hrvatska\/","og_locale":"en_US","og_type":"article","og_title":"1st AvioMed Forum - Zagreb - Croatia - OptimaMed","og_description":"Na\u0161e ljubazno osoblje pru\u017eit \u0107e Vam sve potrebne informacije kako biste obavili potreban lije\u010dni\u010dki pregled bez stresa, prilago\u0111en Vama.","og_url":"https:\/\/optimamed.com.hr\/en\/1st-aviomed-forum-forum-zagreb-hrvatska\/","og_site_name":"OptimaMed","article_modified_time":"2025-06-26T16:35:52+00:00","twitter_card":"summary_large_image","twitter_misc":{"Est. reading time":"2 minutes"},"schema":{"@context":"https:\/\/schema.org","@graph":[{"@type":"WebPage","@id":"https:\/\/optimamed.com.hr\/en\/1st-aviomed-forum-forum-zagreb-hrvatska\/","url":"https:\/\/optimamed.com.hr\/en\/1st-aviomed-forum-forum-zagreb-hrvatska\/","name":"1st AvioMed Forum - Zagreb - Croatia - OptimaMed","isPartOf":{"@id":"https:\/\/optimamed.com.hr\/#website"},"datePublished":"2025-06-26T12:15:54+00:00","dateModified":"2025-06-26T16:35:52+00:00","description":"Na\u0161e ljubazno osoblje pru\u017eit \u0107e Vam sve potrebne informacije kako biste obavili potreban lije\u010dni\u010dki pregled bez stresa, prilago\u0111en Vama.","breadcrumb":{"@id":"https:\/\/optimamed.com.hr\/en\/1st-aviomed-forum-forum-zagreb-hrvatska\/#breadcrumb"},"inLanguage":"en-US","potentialAction":[{"@type":"ReadAction","target":["https:\/\/optimamed.com.hr\/en\/1st-aviomed-forum-forum-zagreb-hrvatska\/"]}]},{"@type":"BreadcrumbList","@id":"https:\/\/optimamed.com.hr\/en\/1st-aviomed-forum-forum-zagreb-hrvatska\/#breadcrumb","itemListElement":[{"@type":"ListItem","position":1,"name":"Po\u010detna stranica","item":"https:\/\/optimamed.com.hr\/en\/"},{"@type":"ListItem","position":2,"name":"1st AvioMed Forum &#8211; Zagreb &#8211; Croatia"}]},{"@type":"WebSite","@id":"https:\/\/optimamed.com.hr\/#website","url":"https:\/\/optimamed.com.hr\/","name":"OptimaMed","description":"Medicina rada i sporta","publisher":{"@id":"https:\/\/optimamed.com.hr\/#organization"},"potentialAction":[{"@type":"SearchAction","target":{"@type":"EntryPoint","urlTemplate":"https:\/\/optimamed.com.hr\/?s={search_term_string}"},"query-input":{"@type":"PropertyValueSpecification","valueRequired":true,"valueName":"search_term_string"}}],"inLanguage":"en-US"},{"@type":"Organization","@id":"https:\/\/optimamed.com.hr\/#organization","name":"OptimaMed","url":"https:\/\/optimamed.com.hr\/","logo":{"@type":"ImageObject","inLanguage":"en-US","@id":"https:\/\/optimamed.com.hr\/#\/schema\/logo\/image\/","url":"https:\/\/optimamed.com.hr\/wp-content\/uploads\/2022\/11\/optimamed-logo.png","contentUrl":"https:\/\/optimamed.com.hr\/wp-content\/uploads\/2022\/11\/optimamed-logo.png","width":300,"height":67,"caption":"OptimaMed"},"image":{"@id":"https:\/\/optimamed.com.hr\/#\/schema\/logo\/image\/"}}]}},"_links":{"self":[{"href":"https:\/\/optimamed.com.hr\/en\/wp-json\/wp\/v2\/pages\/2160","targetHints":{"allow":["GET"]}}],"collection":[{"href":"https:\/\/optimamed.com.hr\/en\/wp-json\/wp\/v2\/pages"}],"about":[{"href":"https:\/\/optimamed.com.hr\/en\/wp-json\/wp\/v2\/types\/page"}],"author":[{"embeddable":true,"href":"https:\/\/optimamed.com.hr\/en\/wp-json\/wp\/v2\/users\/1"}],"replies":[{"embeddable":true,"href":"https:\/\/optimamed.com.hr\/en\/wp-json\/wp\/v2\/comments?post=2160"}],"version-history":[{"count":3,"href":"https:\/\/optimamed.com.hr\/en\/wp-json\/wp\/v2\/pages\/2160\/revisions"}],"predecessor-version":[{"id":2166,"href":"https:\/\/optimamed.com.hr\/en\/wp-json\/wp\/v2\/pages\/2160\/revisions\/2166"}],"wp:attachment":[{"href":"https:\/\/optimamed.com.hr\/en\/wp-json\/wp\/v2\/media?parent=2160"}],"curies":[{"name":"wp","href":"https:\/\/api.w.org\/{rel}","templated":true}]}}